{"id":17810,"date":"2022-06-24T13:13:21","date_gmt":"2022-06-24T11:13:21","guid":{"rendered":"https:\/\/www.oricashop.com\/erstattungsrichtlinie"},"modified":"2023-11-10T17:10:29","modified_gmt":"2023-11-10T16:10:29","slug":"refund-policy-de","status":"publish","type":"page","link":"https:\/\/blog.waifuworld.shop\/de\/refund-policy-de\/","title":{"rendered":"Widerrufsrecht"},"content":{"rendered":"\t\t<div data-elementor-type=\"wp-page\" data-elementor-id=\"17810\" class=\"elementor elementor-17810\" data-elementor-post-type=\"page\">\n\t\t\t\t\t\t<div class=\"elementor-inner\">\n\t\t\t\t<div class=\"elementor-section-wrap\">\n\t\t\t\t\t\t\t\t\t<section class=\"elementor-section elementor-top-section elementor-element elementor-element-37f897d elementor-section-boxed elementor-section-height-default elementor-section-height-default\" data-id=\"37f897d\" data-element_type=\"section\" data-settings=\"{&quot;jet_parallax_layout_list&quot;:[]}\">\n\t\t\t\t\t\t<div class=\"elementor-container elementor-column-gap-default\">\n\t\t\t\t\t\t\t<div class=\"elementor-row\">\n\t\t\t\t\t<div class=\"elementor-column elementor-col-100 elementor-top-column elementor-element elementor-element-d67b87d\" data-id=\"d67b87d\" data-element_type=\"column\" data-settings=\"{&quot;background_background&quot;:&quot;classic&quot;}\">\n\t\t\t<div class=\"elementor-column-wrap elementor-element-populated\">\n\t\t\t\t\t\t\t<div class=\"elementor-widget-wrap\">\n\t\t\t\t\t\t<div class=\"elementor-element elementor-element-8c4aab0 elementor-widget elementor-widget-html\" data-id=\"8c4aab0\" data-element_type=\"widget\" data-widget_type=\"html.default\">\n\t\t\t\t<div class=\"elementor-widget-container\">\n\t\t\t<h1>Anleitung zur Stornierung &amp; Stornierungsformular<\/h1>\n<br>\n<p>Verbraucherinnen und Verbraucher, d.h. jede Person, die zu Zwecken handelt, die ganz oder \u00fcberwiegend nicht ihrer gewerblichen, gesch\u00e4ftlichen, handwerklichen oder beruflichen T\u00e4tigkeit zugerechnet werden k\u00f6nnen, haben das Recht, einen Vertrag unter den folgenden Bedingungen zu widerrufen:<\/p>\n\n<h2>A. Hinweise zur K\u00fcndigung<\/h2>\n\n<h3>Recht auf Widerruf<\/h3>\n\n<p>Du hast das Recht, diesen Vertrag innerhalb von 1 Monat ohne Angabe von Gr\u00fcnden zu k\u00fcndigen.<\/p>\n\n<p>Die Widerrufsfrist endet 1 Monat nach dem Tag, an dem du oder ein von dir benannter Dritter, der nicht der Bef\u00f6rderer ist, in den Besitz der Waren gelangt ist.<\/p>\n\n<p>Um dein Widerrufsrecht auszu\u00fcben, musst du uns informieren (Inh. Andreas Pinekenstein, AP-Merch GmbH, Remscheider Str. 21, 47807 Krefeld, Deutschland, Tel.: +49 15785 974565, E-Mail: support@waifuworld.shop) mittels einer eindeutigen Erkl\u00e4rung (z. B. ein mit der Post versandter Brief, Telefax oder E-Mail) \u00fcber deinen Entschluss, diesen Vertrag zu widerrufen, informieren. Du kannst das beigef\u00fcgte Muster-Widerrufsformular verwenden, aber es ist nicht verpflichtend.<\/p>\n\n<p>Zur Wahrung der Widerrufsfrist reicht es aus, dass du die Mitteilung \u00fcber die Aus\u00fcbung deines Widerrufsrechts vor Ablauf der Widerrufsfrist absendest.<\/p>\n\n<h3>Auswirkungen der K\u00fcndigung<\/h3>\n\n<p>Wenn du diesen Vertrag widerrufst, haben wir dir alle Zahlungen, die wir von dir erhalten haben, einschlie\u00dflich der Lieferkosten (mit Ausnahme der zus\u00e4tzlichen Kosten, die sich daraus ergeben, dass du eine andere Art der Lieferung als die von uns angebotene, g\u00fcnstigste Standardlieferung gew\u00e4hlt hast), unverz\u00fcglich und sp\u00e4testens binnen vierzehn Tagen ab dem Tag zur\u00fcckzuzahlen, an dem wir \u00fcber deinen Entschluss, diesen Vertrag zu widerrufen, informiert wurden. Wir k\u00f6nnen einen Abzug von der Erstattung f\u00fcr den Wertverlust der gelieferten Waren vornehmen, wenn der Verlust auf eine unn\u00f6tige Handhabung durch dich zur\u00fcckzuf\u00fchren ist. F\u00fcr diese R\u00fcckzahlung verwenden wir dasselbe Zahlungsmittel, das du bei der urspr\u00fcnglichen Transaktion eingesetzt hast, es sei denn, du hast ausdr\u00fccklich etwas anderes vereinbart. In jedem Fall entstehen dir durch die Erstattung keine Kosten. Wir k\u00f6nnen die R\u00fcckzahlung verweigern, bis wir die Waren wieder zur\u00fcckerhalten haben oder bis du den Nachweis erbracht hast, dass du die Waren zur\u00fcckgesandt hast, je nachdem, welches der fr\u00fchere Zeitpunkt ist.<\/p>\n\n<p>Sie haben die Waren unverz\u00fcglich und in jedem Fall sp\u00e4testens binnen vierzehn Tagen ab dem Tag, an dem Sie uns \u00fcber den Widerruf dieses Vertrags unterrichten, an uns zur\u00fcckzusenden oder zu \u00fcbergeben. Die Frist ist gewahrt, wenn du die Waren vor Ablauf der Frist von 14 Tagen zur\u00fcckschickst.<\/p>\n\n<p>Du tr\u00e4gst die unmittelbaren Kosten der R\u00fccksendung der Waren.<\/p>\n\n<p>Du haftest nur f\u00fcr den Wertverlust der Ware, der auf einen Umgang mit der Ware zur\u00fcckzuf\u00fchren ist, der \u00fcber das zur Feststellung der Beschaffenheit, Eigenschaften und Funktionsweise der Ware erforderliche Ma\u00df hinausgeht.<\/p>\n\n<h3>Ausschluss und\/oder vorzeitiges Erl\u00f6schen des Widerrufsrechts<\/h3>\n\n<p>Das Widerrufsrecht ist ausgeschlossen bei Vertr\u00e4gen zur Lieferung von Waren, die nach den Spezifikationen des Verbrauchers angefertigt werden oder eindeutig auf ihn zugeschnitten sind.<\/p>\n\n<h3>Verwandte \/ Finanzielle Transaktionen<\/h3>\n\n<p>Wenn du diesen Vertrag durch ein Darlehen finanzierst und ihn sp\u00e4ter widerrufst, bist du auch nicht mehr an den Darlehensvertrag gebunden, sofern beide Vertr\u00e4ge eine wirtschaftliche Einheit bilden. Das gilt insbesondere, wenn wir gleichzeitig dein Kreditgeber sind oder wenn dein Kreditgeber unsere Mitarbeit bei der Finanzierung in Anspruch nimmt. Wenn uns das Darlehen zum Zeitpunkt des Wirksamwerdens des Widerrufs oder der R\u00fcckgabe der Ware bereits zugeflossen ist, tritt dein Darlehensgeber im Verh\u00e4ltnis zu dir in unsere Rechte und Pflichten aus dem finanzierten Vertrag hinsichtlich der Rechtsfolgen des Widerrufs oder der R\u00fcckgabe ein. Letzteres gilt nicht, wenn sich der vorliegende Vertrag auf den Erwerb von Finanzinstrumenten (z. B. Wertpapiere, Devisen oder Derivate) bezieht. Wenn du eine vertragliche Bindung so weit wie m\u00f6glich vermeiden willst, solltest du von deinem Widerrufsrecht Gebrauch machen und auch den Darlehensvertrag widerrufen, falls du das Recht dazu hast.<\/p>\n\n<h3>Allgemeine Informationen<\/h3>\n\n<p>1) Bitte vermeide Sch\u00e4den und Verunreinigungen an den Waren. Bitte schicke die Ware, wenn m\u00f6glich, in der Originalverpackung mit allem Zubeh\u00f6r und allen Verpackungsbestandteilen zur\u00fcck. Falls n\u00f6tig, verwende bitte eine sch\u00fctzende Au\u00dfenverpackung. Wenn du nicht mehr im Besitz der Originalverpackung bist, verwende bitte eine geeignete Verpackung, die ausreichend Schutz vor m\u00f6glichen Transportsch\u00e4den bietet.<br>\n2) Bitte schicke die Ware nicht unfrei zur\u00fcck.<br>\n3) Bitte beachte, dass die oben genannten allgemeinen Informationen in Abschnitt 1 und 2 keine Voraussetzung f\u00fcr die wirksame Aus\u00fcbung deines Widerrufsrechts sind.<\/p>\n\n<h2>B. Stornierung anfragen<\/h2>\n\nBitte schreibe uns eine Nachricht zu support@waifuworld.shop oder \u00fcber unseren Livechat und wir werden deine R\u00fcckgabe schnellstm\u00f6glich abwickeln.<br><br>\nR\u00fccksendeadresse:<br>\nRFS GmbH<br>\nKampweg 24<br>\n41751 Viersen<br><br>\t\t<\/div>\n\t\t\t\t<\/div>\n\t\t\t\t\t\t<\/div>\n\t\t\t\t\t<\/div>\n\t\t<\/div>\n\t\t\t\t\t\t\t\t<\/div>\n\t\t\t\t\t<\/div>\n\t\t<\/section>\n\t\t\t\t\t\t\t\t\t<\/div>\n\t\t\t<\/div>\n\t\t\t\t\t<\/div>\n\t\t","protected":false},"excerpt":{"rendered":"<p>Anleitung zur Stornierung &amp; Stornierungsformular Verbraucherinnen und Verbraucher, d.h. jede Person, die zu Zwecken handelt, die ganz oder \u00fcberwiegend nicht ihrer gewerblichen, gesch\u00e4ftlichen, handwerklichen oder beruflichen T\u00e4tigkeit zugerechnet werden k\u00f6nnen, haben das Recht, einen Vertrag unter den folgenden Bedingungen zu widerrufen: A. Hinweise zur K\u00fcndigung Recht auf Widerruf Du hast das Recht, diesen Vertrag innerhalb [&hellip;]<\/p>\n","protected":false},"author":1,"featured_media":0,"parent":0,"menu_order":0,"comment_status":"closed","ping_status":"closed","template":"","meta":{"footnotes":""},"class_list":["post-17810","page","type-page","status-publish","hentry"],"_links":{"self":[{"href":"https:\/\/blog.waifuworld.shop\/de\/wp-json\/wp\/v2\/pages\/17810","targetHints":{"allow":["GET"]}}],"collection":[{"href":"https:\/\/blog.waifuworld.shop\/de\/wp-json\/wp\/v2\/pages"}],"about":[{"href":"https:\/\/blog.waifuworld.shop\/de\/wp-json\/wp\/v2\/types\/page"}],"author":[{"embeddable":true,"href":"https:\/\/blog.waifuworld.shop\/de\/wp-json\/wp\/v2\/users\/1"}],"replies":[{"embeddable":true,"href":"https:\/\/blog.waifuworld.shop\/de\/wp-json\/wp\/v2\/comments?post=17810"}],"version-history":[{"count":0,"href":"https:\/\/blog.waifuworld.shop\/de\/wp-json\/wp\/v2\/pages\/17810\/revisions"}],"wp:attachment":[{"href":"https:\/\/blog.waifuworld.shop\/de\/wp-json\/wp\/v2\/media?parent=17810"}],"curies":[{"name":"wp","href":"https:\/\/api.w.org\/{rel}","templated":true}]}}