{"id":117271,"date":"2023-05-23T08:41:48","date_gmt":"2023-05-23T06:41:48","guid":{"rendered":"https:\/\/www.waifuworld.shop\/nsfw-blogposts\/"},"modified":"2024-05-20T15:07:55","modified_gmt":"2024-05-20T13:07:55","slug":"nsfw-blogposts","status":"publish","type":"page","link":"https:\/\/blog.waifuworld.shop\/de\/nsfw-blogposts\/","title":{"rendered":"NSFW Blogposts"},"content":{"rendered":"\t\t<div data-elementor-type=\"wp-page\" data-elementor-id=\"117271\" class=\"elementor elementor-117271\" data-elementor-post-type=\"page\">\n\t\t\t\t\t\t<div class=\"elementor-inner\">\n\t\t\t\t<div class=\"elementor-section-wrap\">\n\t\t\t\t\t\t\t\t\t<section class=\"elementor-section elementor-top-section elementor-element elementor-element-70870bc elementor-section-boxed elementor-section-height-default elementor-section-height-default\" data-id=\"70870bc\" data-element_type=\"section\" data-settings=\"{&quot;jet_parallax_layout_list&quot;:[]}\">\n\t\t\t\t\t\t<div class=\"elementor-container elementor-column-gap-default\">\n\t\t\t\t\t\t\t<div class=\"elementor-row\">\n\t\t\t\t\t<div class=\"elementor-column elementor-col-100 elementor-top-column elementor-element elementor-element-3496b2a\" data-id=\"3496b2a\" data-element_type=\"column\">\n\t\t\t<div class=\"elementor-column-wrap elementor-element-populated\">\n\t\t\t\t\t\t\t<div class=\"elementor-widget-wrap\">\n\t\t\t\t\t\t<div class=\"elementor-element elementor-element-b01accc elementor-widget elementor-widget-heading\" data-id=\"b01accc\" data-element_type=\"widget\" data-widget_type=\"heading.default\">\n\t\t\t\t<div class=\"elementor-widget-container\">\n\t\t\t<h1 class=\"elementor-heading-title elementor-size-default\">NSFW Blogposts<\/h1>\t\t<\/div>\n\t\t\t\t<\/div>\n\t\t\t\t<div class=\"elementor-element elementor-element-d309a0b premium-blog-align-left elementor-widget elementor-widget-global elementor-global-117204 elementor-widget-premium-addon-blog\" data-id=\"d309a0b\" data-element_type=\"widget\" data-settings=\"{&quot;premium_blog_grid&quot;:&quot;yes&quot;,&quot;premium_blog_layout&quot;:&quot;even&quot;,&quot;premium_blog_columns_number&quot;:&quot;50%&quot;,&quot;premium_blog_columns_number_tablet&quot;:&quot;50%&quot;,&quot;premium_blog_columns_number_mobile&quot;:&quot;100%&quot;,&quot;scroll_to_offset&quot;:&quot;yes&quot;}\" data-widget_type=\"premium-addon-blog.default\">\n\t\t\t\t<div class=\"elementor-widget-container\">\n\t\t\t\r\n\t\t\t\t<div class=\"premium-blog-wrap  premium-blog-even\" data-page=\"117271\">\r\n\t\t\t\t\t<div class=\"premium-blog-post-outer-container\" data-total=\"1\">\r\n\t\t\t<div class=\"premium-blog-post-container premium-blog-skin-side\">\r\n\t\t\t\t\t\t\t\t\t<div class=\"premium-blog-thumb-effect-wrapper\">\r\n\t\t\t\t\t\t<div class=\"premium-blog-thumbnail-container premium-blog-scale-effect\">\r\n\t\t\t\t\t\t\t<img loading=\"lazy\" decoding=\"async\" width=\"246\" height=\"205\" src=\"https:\/\/blog.waifuworld.shop\/wp-content\/uploads\/2023\/05\/images.png\" class=\"attachment-custom-size-450 size-custom-size-450 wp-image-133092\" alt=\"\" srcset=\"https:\/\/blog.waifuworld.shop\/wp-content\/uploads\/2023\/05\/images.png 246w, https:\/\/blog.waifuworld.shop\/wp-content\/uploads\/2023\/05\/images-64x53.png 64w\" sizes=\"auto, (max-width: 246px) 100vw, 246px\" \/>\t\t\t\t\t\t<\/div>\r\n\t\t\t\t\t\t\t\t\t\t\t\t\t<div class=\"premium-blog-thumbnail-overlay\">\r\n\t\t\t\t\t\t\t\t<a class=\"elementor-icon\" href=\"https:\/\/blog.waifuworld.shop\/de\/keeping-your-onahole-clean-dry-safe-a-proper-guide-to-maintaining-your-onahole\/\" target=\"_self\" aria-hidden=\"true\"><span>Keeping Your Onahole Clean, Dry &amp; Safe: A Proper Guide to Maintaining Your Onahole<\/span><\/a>\r\n\t\t\t\t\t\t\t<\/div>\r\n\t\t\t\t\t\t\t\t\t\t\t<\/div>\r\n\t\t\t\t\t\t\t\t\t\t\t\t<div class=\"premium-blog-content-wrapper \">\r\n\r\n\t\t\t\t\t<div class=\"premium-blog-inner-container\">\r\n\r\n\t\t\t\t\t\t\t\t\t\t\t\t\t<div class=\"premium-blog-cats-container\">\r\n\t\t\t\t\t\t\t\t<ul class=\"post-categories\">\r\n\t\t\t\t\t\t\t\t\t<li><a href=\"https:\/\/blog.waifuworld.shop\/de\/category\/nsfw-de\/\" class=\"elementor-repeater-item-9626587\">NSFW<\/a><\/li>\t\t\t\t\t\t\t\t<\/ul>\r\n\t\t\t\t\t\t\t<\/div>\r\n\t\t\t\t\t\t\t\t\t\t\t\t\t\t<h2 class=\"premium-blog-entry-title\">\r\n\t\t\t<a href=\"https:\/\/blog.waifuworld.shop\/de\/keeping-your-onahole-clean-dry-safe-a-proper-guide-to-maintaining-your-onahole\/\" target=\"_self\">\r\n\t\t\t\tKeeping Your Onahole Clean, Dry &amp; Safe: A Proper Guide to Maintaining Your Onahole\t\t\t<\/a>\r\n\t\t<\/h2>\r\n\t\t\t\t<div class=\"premium-blog-entry-meta\">\r\n\t\t\t\r\n\t\t\t\t\t\t\t<span class=\"premium-blog-meta-separator\">\u2022<\/span>\r\n\t\t\t\t<div class=\"premium-blog-post-time premium-blog-meta-data\">\r\n\t\t\t\t\t<i class=\"fa fa-clock-o\" aria-hidden=\"true\"><\/i>\r\n\t\t\t\t\t<span>Mai 29, 2023<\/span>\r\n\t\t\t\t<\/div>\r\n\t\t\t\r\n\t\t\t\r\n\t\t\t\t\t<\/div>\r\n\t\t\r\n\t\t\t\t\t<\/div>\r\n\r\n\t\t\t\t\t\t\t<div class=\"premium-blob-content-inner-wrapper\">\r\n\t\t<p class=\"premium-blog-post-content\">Keeping Your Onahole Clean, Dry &amp; Safe: A Proper care Guide for Your Onahole Onaholes, also known as Japanese sex toys, are \u2026<\/p>\t\t <\/div>\r\n\t\t \t\t\t\t\t\r\n\t\t\t\t<\/div>\r\n\t\t\t<\/div>\r\n\t\t<\/div>\r\n\r\n\t\t\t\t<div class=\"premium-blog-post-outer-container\" data-total=\"1\">\r\n\t\t\t<div class=\"premium-blog-post-container premium-blog-skin-side\">\r\n\t\t\t\t\t\t\t\t\t<div class=\"premium-blog-thumb-effect-wrapper\">\r\n\t\t\t\t\t\t<div class=\"premium-blog-thumbnail-container premium-blog-scale-effect\">\r\n\t\t\t\t\t\t\t<img loading=\"lazy\" decoding=\"async\" width=\"326\" height=\"450\" src=\"https:\/\/blog.waifuworld.shop\/wp-content\/uploads\/2023\/05\/62f0a20b7905b_800x800-326x450.jpg\" class=\"attachment-custom-size-450 size-custom-size-450 wp-image-133094\" alt=\"\" srcset=\"https:\/\/blog.waifuworld.shop\/wp-content\/uploads\/2023\/05\/62f0a20b7905b_800x800-326x450.jpg 326w, https:\/\/blog.waifuworld.shop\/wp-content\/uploads\/2023\/05\/62f0a20b7905b_800x800-218x300.jpg 218w, https:\/\/blog.waifuworld.shop\/wp-content\/uploads\/2023\/05\/62f0a20b7905b_800x800-743x1024.jpg 743w, https:\/\/blog.waifuworld.shop\/wp-content\/uploads\/2023\/05\/62f0a20b7905b_800x800-768x1059.jpg 768w, https:\/\/blog.waifuworld.shop\/wp-content\/uploads\/2023\/05\/62f0a20b7905b_800x800-250x345.jpg 250w, https:\/\/blog.waifuworld.shop\/wp-content\/uploads\/2023\/05\/62f0a20b7905b_800x800-64x88.jpg 64w, https:\/\/blog.waifuworld.shop\/wp-content\/uploads\/2023\/05\/62f0a20b7905b_800x800.jpg 1000w\" sizes=\"auto, (max-width: 326px) 100vw, 326px\" \/>\t\t\t\t\t\t<\/div>\r\n\t\t\t\t\t\t\t\t\t\t\t\t\t<div class=\"premium-blog-thumbnail-overlay\">\r\n\t\t\t\t\t\t\t\t<a class=\"elementor-icon\" href=\"https:\/\/blog.waifuworld.shop\/de\/exploring-the-advantages-of-onaholes-beyond-sexual-pleasure\/\" target=\"_self\" aria-hidden=\"true\"><span>Exploring the Advantages of Onaholes: Beyond Sexual Pleasure<\/span><\/a>\r\n\t\t\t\t\t\t\t<\/div>\r\n\t\t\t\t\t\t\t\t\t\t\t<\/div>\r\n\t\t\t\t\t\t\t\t\t\t\t\t<div class=\"premium-blog-content-wrapper \">\r\n\r\n\t\t\t\t\t<div class=\"premium-blog-inner-container\">\r\n\r\n\t\t\t\t\t\t\t\t\t\t\t\t\t<div class=\"premium-blog-cats-container\">\r\n\t\t\t\t\t\t\t\t<ul class=\"post-categories\">\r\n\t\t\t\t\t\t\t\t\t<li><a href=\"https:\/\/blog.waifuworld.shop\/de\/category\/nsfw-de\/\" class=\"elementor-repeater-item-9626587\">NSFW<\/a><\/li>\t\t\t\t\t\t\t\t<\/ul>\r\n\t\t\t\t\t\t\t<\/div>\r\n\t\t\t\t\t\t\t\t\t\t\t\t\t\t<h2 class=\"premium-blog-entry-title\">\r\n\t\t\t<a href=\"https:\/\/blog.waifuworld.shop\/de\/exploring-the-advantages-of-onaholes-beyond-sexual-pleasure\/\" target=\"_self\">\r\n\t\t\t\tExploring the Advantages of Onaholes: Beyond Sexual Pleasure\t\t\t<\/a>\r\n\t\t<\/h2>\r\n\t\t\t\t<div class=\"premium-blog-entry-meta\">\r\n\t\t\t\r\n\t\t\t\t\t\t\t<span class=\"premium-blog-meta-separator\">\u2022<\/span>\r\n\t\t\t\t<div class=\"premium-blog-post-time premium-blog-meta-data\">\r\n\t\t\t\t\t<i class=\"fa fa-clock-o\" aria-hidden=\"true\"><\/i>\r\n\t\t\t\t\t<span>Mai 26, 2023<\/span>\r\n\t\t\t\t<\/div>\r\n\t\t\t\r\n\t\t\t\r\n\t\t\t\t\t<\/div>\r\n\t\t\r\n\t\t\t\t\t<\/div>\r\n\r\n\t\t\t\t\t\t\t<div class=\"premium-blob-content-inner-wrapper\">\r\n\t\t<p class=\"premium-blog-post-content\">EXPLORING THE ADVANTAGES OF ONAHOLES: BEYOND SEXUAL PLEASURE Onaholes are gaining popularity among individuals of various genders and sexual orientations as a \u2026<\/p>\t\t <\/div>\r\n\t\t \t\t\t\t\t\r\n\t\t\t\t<\/div>\r\n\t\t\t<\/div>\r\n\t\t<\/div>\r\n\r\n\t\t\t\t<div class=\"premium-blog-post-outer-container\" data-total=\"1\">\r\n\t\t\t<div class=\"premium-blog-post-container premium-blog-skin-side\">\r\n\t\t\t\t\t\t\t\t\t<div class=\"premium-blog-thumb-effect-wrapper\">\r\n\t\t\t\t\t\t<div class=\"premium-blog-thumbnail-container premium-blog-scale-effect\">\r\n\t\t\t\t\t\t\t<img loading=\"lazy\" decoding=\"async\" width=\"450\" height=\"318\" src=\"https:\/\/blog.waifuworld.shop\/wp-content\/uploads\/2023\/05\/\u30dd\u30b9\u30bf\u30fcA3-450x318.png\" class=\"attachment-custom-size-450 size-custom-size-450 wp-image-133096\" alt=\"\" srcset=\"https:\/\/blog.waifuworld.shop\/wp-content\/uploads\/2023\/05\/\u30dd\u30b9\u30bf\u30fcA3-450x318.png 450w, https:\/\/blog.waifuworld.shop\/wp-content\/uploads\/2023\/05\/\u30dd\u30b9\u30bf\u30fcA3-300x212.png 300w, https:\/\/blog.waifuworld.shop\/wp-content\/uploads\/2023\/05\/\u30dd\u30b9\u30bf\u30fcA3-768x543.png 768w, https:\/\/blog.waifuworld.shop\/wp-content\/uploads\/2023\/05\/\u30dd\u30b9\u30bf\u30fcA3-250x177.png 250w, https:\/\/blog.waifuworld.shop\/wp-content\/uploads\/2023\/05\/\u30dd\u30b9\u30bf\u30fcA3-64x45.png 64w, https:\/\/blog.waifuworld.shop\/wp-content\/uploads\/2023\/05\/\u30dd\u30b9\u30bf\u30fcA3.png 1000w\" sizes=\"auto, (max-width: 450px) 100vw, 450px\" \/>\t\t\t\t\t\t<\/div>\r\n\t\t\t\t\t\t\t\t\t\t\t\t\t<div class=\"premium-blog-thumbnail-overlay\">\r\n\t\t\t\t\t\t\t\t<a class=\"elementor-icon\" href=\"https:\/\/blog.waifuworld.shop\/de\/exploring-onaholes-in-depth\/\" target=\"_self\" aria-hidden=\"true\"><span>Exploring Onaholes in Depth<\/span><\/a>\r\n\t\t\t\t\t\t\t<\/div>\r\n\t\t\t\t\t\t\t\t\t\t\t<\/div>\r\n\t\t\t\t\t\t\t\t\t\t\t\t<div class=\"premium-blog-content-wrapper \">\r\n\r\n\t\t\t\t\t<div class=\"premium-blog-inner-container\">\r\n\r\n\t\t\t\t\t\t\t\t\t\t\t\t\t<div class=\"premium-blog-cats-container\">\r\n\t\t\t\t\t\t\t\t<ul class=\"post-categories\">\r\n\t\t\t\t\t\t\t\t\t<li><a href=\"https:\/\/blog.waifuworld.shop\/de\/category\/nsfw-de\/\" class=\"elementor-repeater-item-9626587\">NSFW<\/a><\/li>\t\t\t\t\t\t\t\t<\/ul>\r\n\t\t\t\t\t\t\t<\/div>\r\n\t\t\t\t\t\t\t\t\t\t\t\t\t\t<h2 class=\"premium-blog-entry-title\">\r\n\t\t\t<a href=\"https:\/\/blog.waifuworld.shop\/de\/exploring-onaholes-in-depth\/\" target=\"_self\">\r\n\t\t\t\tExploring Onaholes in Depth\t\t\t<\/a>\r\n\t\t<\/h2>\r\n\t\t\t\t<div class=\"premium-blog-entry-meta\">\r\n\t\t\t\r\n\t\t\t\t\t\t\t<span class=\"premium-blog-meta-separator\">\u2022<\/span>\r\n\t\t\t\t<div class=\"premium-blog-post-time premium-blog-meta-data\">\r\n\t\t\t\t\t<i class=\"fa fa-clock-o\" aria-hidden=\"true\"><\/i>\r\n\t\t\t\t\t<span>Mai 24, 2023<\/span>\r\n\t\t\t\t<\/div>\r\n\t\t\t\r\n\t\t\t\r\n\t\t\t\t\t<\/div>\r\n\t\t\r\n\t\t\t\t\t<\/div>\r\n\r\n\t\t\t\t\t\t\t<div class=\"premium-blob-content-inner-wrapper\">\r\n\t\t<p class=\"premium-blog-post-content\">EXPLORING ONAHOLES IN DEPTH The Japanese sex industry has gained international attention for its innovative products, particularly the onahole. These masturbators, with \u2026<\/p>\t\t <\/div>\r\n\t\t \t\t\t\t\t\r\n\t\t\t\t<\/div>\r\n\t\t\t<\/div>\r\n\t\t<\/div>\r\n\r\n\t\t\t\t<div class=\"premium-blog-post-outer-container\" data-total=\"1\">\r\n\t\t\t<div class=\"premium-blog-post-container premium-blog-skin-side\">\r\n\t\t\t\t\t\t\t\t\t<div class=\"premium-blog-thumb-effect-wrapper\">\r\n\t\t\t\t\t\t<div class=\"premium-blog-thumbnail-container premium-blog-scale-effect\">\r\n\t\t\t\t\t\t\t<img loading=\"lazy\" decoding=\"async\" width=\"450\" height=\"450\" src=\"https:\/\/blog.waifuworld.shop\/wp-content\/uploads\/2023\/05\/305777_Product-768x768-1-450x450.jpg\" class=\"attachment-custom-size-450 size-custom-size-450 wp-image-116769\" alt=\"\" srcset=\"https:\/\/blog.waifuworld.shop\/wp-content\/uploads\/2023\/05\/305777_Product-768x768-1-450x450.jpg 450w, https:\/\/blog.waifuworld.shop\/wp-content\/uploads\/2023\/05\/305777_Product-768x768-1-300x300.jpg 300w, https:\/\/blog.waifuworld.shop\/wp-content\/uploads\/2023\/05\/305777_Product-768x768-1-150x150.jpg 150w, https:\/\/blog.waifuworld.shop\/wp-content\/uploads\/2023\/05\/305777_Product-768x768-1-250x250.jpg 250w, https:\/\/blog.waifuworld.shop\/wp-content\/uploads\/2023\/05\/305777_Product-768x768-1-100x100.jpg 100w, https:\/\/blog.waifuworld.shop\/wp-content\/uploads\/2023\/05\/305777_Product-768x768-1-50x50.jpg 50w, https:\/\/blog.waifuworld.shop\/wp-content\/uploads\/2023\/05\/305777_Product-768x768-1.jpg 768w\" sizes=\"auto, (max-width: 450px) 100vw, 450px\" \/>\t\t\t\t\t\t<\/div>\r\n\t\t\t\t\t\t\t\t\t\t\t\t\t<div class=\"premium-blog-thumbnail-overlay\">\r\n\t\t\t\t\t\t\t\t<a class=\"elementor-icon\" href=\"https:\/\/blog.waifuworld.shop\/de\/dakimakura-pillows-an-introduction-and-care-guide\/\" target=\"_self\" aria-hidden=\"true\"><span>Dakimakura Pillows: An Introduction and Care Guide<\/span><\/a>\r\n\t\t\t\t\t\t\t<\/div>\r\n\t\t\t\t\t\t\t\t\t\t\t<\/div>\r\n\t\t\t\t\t\t\t\t\t\t\t\t<div class=\"premium-blog-content-wrapper \">\r\n\r\n\t\t\t\t\t<div class=\"premium-blog-inner-container\">\r\n\r\n\t\t\t\t\t\t\t\t\t\t\t\t\t<div class=\"premium-blog-cats-container\">\r\n\t\t\t\t\t\t\t\t<ul class=\"post-categories\">\r\n\t\t\t\t\t\t\t\t\t<li><a href=\"https:\/\/blog.waifuworld.shop\/de\/category\/nsfw-de\/\" class=\"elementor-repeater-item-9626587\">NSFW<\/a><\/li>\t\t\t\t\t\t\t\t<\/ul>\r\n\t\t\t\t\t\t\t<\/div>\r\n\t\t\t\t\t\t\t\t\t\t\t\t\t\t<h2 class=\"premium-blog-entry-title\">\r\n\t\t\t<a href=\"https:\/\/blog.waifuworld.shop\/de\/dakimakura-pillows-an-introduction-and-care-guide\/\" target=\"_self\">\r\n\t\t\t\tDakimakura Pillows: An Introduction and Care Guide\t\t\t<\/a>\r\n\t\t<\/h2>\r\n\t\t\t\t<div class=\"premium-blog-entry-meta\">\r\n\t\t\t\r\n\t\t\t\t\t\t\t<span class=\"premium-blog-meta-separator\">\u2022<\/span>\r\n\t\t\t\t<div class=\"premium-blog-post-time premium-blog-meta-data\">\r\n\t\t\t\t\t<i class=\"fa fa-clock-o\" aria-hidden=\"true\"><\/i>\r\n\t\t\t\t\t<span>Mai 20, 2023<\/span>\r\n\t\t\t\t<\/div>\r\n\t\t\t\r\n\t\t\t\r\n\t\t\t\t\t<\/div>\r\n\t\t\r\n\t\t\t\t\t<\/div>\r\n\r\n\t\t\t\t\t\t\t<div class=\"premium-blob-content-inner-wrapper\">\r\n\t\t<p class=\"premium-blog-post-content\">Dakimakura Pillows: An Introduction and Care Guide Dakimakura pillows hold a special place in Japanese kawaii culture, showcasing delightful designs of anime \u2026<\/p>\t\t <\/div>\r\n\t\t \t\t\t\t\t\r\n\t\t\t\t<\/div>\r\n\t\t\t<\/div>\r\n\t\t<\/div>\r\n\r\n\t\t\t\t<div class=\"premium-blog-post-outer-container\" data-total=\"1\">\r\n\t\t\t<div class=\"premium-blog-post-container premium-blog-skin-side\">\r\n\t\t\t\t\t\t\t\t\t<div class=\"premium-blog-thumb-effect-wrapper\">\r\n\t\t\t\t\t\t<div class=\"premium-blog-thumbnail-container premium-blog-scale-effect\">\r\n\t\t\t\t\t\t\t<img loading=\"lazy\" decoding=\"async\" width=\"370\" height=\"450\" src=\"https:\/\/blog.waifuworld.shop\/wp-content\/uploads\/2023\/05\/Product-Description-Graphic1-1-1-370x450.jpg\" class=\"attachment-custom-size-450 size-custom-size-450 wp-image-116746\" alt=\"\" srcset=\"https:\/\/blog.waifuworld.shop\/wp-content\/uploads\/2023\/05\/Product-Description-Graphic1-1-1-370x450.jpg 370w, https:\/\/blog.waifuworld.shop\/wp-content\/uploads\/2023\/05\/Product-Description-Graphic1-1-1-247x300.jpg 247w, https:\/\/blog.waifuworld.shop\/wp-content\/uploads\/2023\/05\/Product-Description-Graphic1-1-1-250x304.jpg 250w, https:\/\/blog.waifuworld.shop\/wp-content\/uploads\/2023\/05\/Product-Description-Graphic1-1-1.jpg 750w\" sizes=\"auto, (max-width: 370px) 100vw, 370px\" \/>\t\t\t\t\t\t<\/div>\r\n\t\t\t\t\t\t\t\t\t\t\t\t\t<div class=\"premium-blog-thumbnail-overlay\">\r\n\t\t\t\t\t\t\t\t<a class=\"elementor-icon\" href=\"https:\/\/blog.waifuworld.shop\/de\/the-ultimate-dakimakura-sex-guide\/\" target=\"_self\" aria-hidden=\"true\"><span>The Ultimate Dakimakura Sex Guide<\/span><\/a>\r\n\t\t\t\t\t\t\t<\/div>\r\n\t\t\t\t\t\t\t\t\t\t\t<\/div>\r\n\t\t\t\t\t\t\t\t\t\t\t\t<div class=\"premium-blog-content-wrapper \">\r\n\r\n\t\t\t\t\t<div class=\"premium-blog-inner-container\">\r\n\r\n\t\t\t\t\t\t\t\t\t\t\t\t\t<div class=\"premium-blog-cats-container\">\r\n\t\t\t\t\t\t\t\t<ul class=\"post-categories\">\r\n\t\t\t\t\t\t\t\t\t<li><a href=\"https:\/\/blog.waifuworld.shop\/de\/category\/nsfw-de\/\" class=\"elementor-repeater-item-9626587\">NSFW<\/a><\/li>\t\t\t\t\t\t\t\t<\/ul>\r\n\t\t\t\t\t\t\t<\/div>\r\n\t\t\t\t\t\t\t\t\t\t\t\t\t\t<h2 class=\"premium-blog-entry-title\">\r\n\t\t\t<a href=\"https:\/\/blog.waifuworld.shop\/de\/the-ultimate-dakimakura-sex-guide\/\" target=\"_self\">\r\n\t\t\t\tThe Ultimate Dakimakura Sex Guide\t\t\t<\/a>\r\n\t\t<\/h2>\r\n\t\t\t\t<div class=\"premium-blog-entry-meta\">\r\n\t\t\t\r\n\t\t\t\t\t\t\t<span class=\"premium-blog-meta-separator\">\u2022<\/span>\r\n\t\t\t\t<div class=\"premium-blog-post-time premium-blog-meta-data\">\r\n\t\t\t\t\t<i class=\"fa fa-clock-o\" aria-hidden=\"true\"><\/i>\r\n\t\t\t\t\t<span>Mai 20, 2023<\/span>\r\n\t\t\t\t<\/div>\r\n\t\t\t\r\n\t\t\t\r\n\t\t\t\t\t<\/div>\r\n\t\t\r\n\t\t\t\t\t<\/div>\r\n\r\n\t\t\t\t\t\t\t<div class=\"premium-blob-content-inner-wrapper\">\r\n\t\t<p class=\"premium-blog-post-content\">THE ULTIMATE DAKIMAKURA ONAHOLE SEX GUIDE Many individuals may be familiar with terms such as &#8222;pocket pussy&#8220; and popular brands like Fleshlight \u2026<\/p>\t\t <\/div>\r\n\t\t \t\t\t\t\t\r\n\t\t\t\t<\/div>\r\n\t\t\t<\/div>\r\n\t\t<\/div>\r\n\r\n\t\t\t\t<\/div>\r\n\r\n\t\t\t\t<\/div>\n\t\t\t\t<\/div>\n\t\t\t\t\t\t<\/div>\n\t\t\t\t\t<\/div>\n\t\t<\/div>\n\t\t\t\t\t\t\t\t<\/div>\n\t\t\t\t\t<\/div>\n\t\t<\/section>\n\t\t\t\t\t\t\t\t\t<\/div>\n\t\t\t<\/div>\n\t\t\t\t\t<\/div>\n\t\t","protected":false},"excerpt":{"rendered":"<p>NSFW Blogposts NSFW Onaholes und Gesundheit: Kann ihre Verwendung Auswirkungen auf die sexuelle Gesundheit haben? \u2022 June 14, 2023 Auswirkungen der Verwendung von Onaholes auf die sexuelle Gesundheit Verschiedene Ausf\u00fchrungen von Onaholes Onaholes sind in verschiedenen Ausf\u00fchrungen erh\u00e4ltlich, darunter solche aus \u2026 NSFW Das Gesch\u00e4ft mit Onaholes: Wie sieht der Markt aus und wie hat [&hellip;]<\/p>\n","protected":false},"author":1,"featured_media":0,"parent":0,"menu_order":0,"comment_status":"closed","ping_status":"closed","template":"","meta":{"footnotes":""},"class_list":["post-117271","page","type-page","status-publish","hentry"],"_links":{"self":[{"href":"https:\/\/blog.waifuworld.shop\/de\/wp-json\/wp\/v2\/pages\/117271","targetHints":{"allow":["GET"]}}],"collection":[{"href":"https:\/\/blog.waifuworld.shop\/de\/wp-json\/wp\/v2\/pages"}],"about":[{"href":"https:\/\/blog.waifuworld.shop\/de\/wp-json\/wp\/v2\/types\/page"}],"author":[{"embeddable":true,"href":"https:\/\/blog.waifuworld.shop\/de\/wp-json\/wp\/v2\/users\/1"}],"replies":[{"embeddable":true,"href":"https:\/\/blog.waifuworld.shop\/de\/wp-json\/wp\/v2\/comments?post=117271"}],"version-history":[{"count":1,"href":"https:\/\/blog.waifuworld.shop\/de\/wp-json\/wp\/v2\/pages\/117271\/revisions"}],"predecessor-version":[{"id":235588,"href":"https:\/\/blog.waifuworld.shop\/de\/wp-json\/wp\/v2\/pages\/117271\/revisions\/235588"}],"wp:attachment":[{"href":"https:\/\/blog.waifuworld.shop\/de\/wp-json\/wp\/v2\/media?parent=117271"}],"curies":[{"name":"wp","href":"https:\/\/api.w.org\/{rel}","templated":true}]}}